{"id":1446,"date":"2017-06-07T20:43:16","date_gmt":"2017-06-07T20:43:16","guid":{"rendered":"http:\/\/beltway.tur.ar\/travel\/?page_id=1446"},"modified":"2024-12-18T17:12:22","modified_gmt":"2024-12-18T17:12:22","slug":"traslados","status":"publish","type":"page","link":"https:\/\/beltway.tur.ar\/travel\/traslados\/","title":{"rendered":"Traslados"},"content":{"rendered":"<div id='av_section_1'  class='avia-section av-1526mfa-19de4b7779e91f115bab39e58d131466 main_color avia-section-large avia-no-border-styling  avia-builder-el-0  el_before_av_layout_row  avia-builder-el-first  avia-bg-style-scroll container_wrap fullsize'  ><div class='container av-section-cont-open' ><main  role=\"main\" itemprop=\"mainContentOfPage\"  class='template-page content  av-content-full alpha units'><div class='post-entry post-entry-type-page post-entry-1446'><div class='entry-content-wrapper clearfix'>\n\n<style type=\"text\/css\" data-created_by=\"avia_inline_auto\" id=\"style-css-av-12fl246-1a153e076665bb1730b928553df86bc1\">\n#top .av-special-heading.av-12fl246-1a153e076665bb1730b928553df86bc1{\npadding-bottom:30px;\nfont-size:50px;\n}\nbody .av-special-heading.av-12fl246-1a153e076665bb1730b928553df86bc1 .av-special-heading-tag .heading-char{\nfont-size:25px;\n}\n#top #wrap_all .av-special-heading.av-12fl246-1a153e076665bb1730b928553df86bc1 .av-special-heading-tag{\nfont-size:50px;\n}\n.av-special-heading.av-12fl246-1a153e076665bb1730b928553df86bc1 .av-subheading{\nfont-size:15px;\n}\n\n@media only screen and (min-width: 480px) and (max-width: 767px){ \n#top #wrap_all .av-special-heading.av-12fl246-1a153e076665bb1730b928553df86bc1 .av-special-heading-tag{\nfont-size:0.8em;\n}\n}\n\n@media only screen and (max-width: 479px){ \n#top #wrap_all .av-special-heading.av-12fl246-1a153e076665bb1730b928553df86bc1 .av-special-heading-tag{\nfont-size:0.8em;\n}\n}\n<\/style>\n<div  class='av-special-heading av-12fl246-1a153e076665bb1730b928553df86bc1 av-special-heading-h1 blockquote modern-quote  avia-builder-el-1  el_before_av_one_full  avia-builder-el-first  av-thin-font av-inherit-size'><h1 class='av-special-heading-tag '  itemprop=\"headline\"  >Tus Vacaciones m\u00e1s cerca <strong>.<\/strong><\/h1><div class=\"special-heading-border\"><div class=\"special-heading-inner-border\"><\/div><\/div><\/div>\n\n<style type=\"text\/css\" data-created_by=\"avia_inline_auto\" id=\"style-css-av-3o9wl2-d06dcfc3d20f175eb3ee990659c817ab\">\n.flex_column.av-3o9wl2-d06dcfc3d20f175eb3ee990659c817ab{\nborder-radius:0px 0px 0px 0px;\npadding:0px 0px 0px 0px;\n}\n<\/style>\n<div  class='flex_column av-3o9wl2-d06dcfc3d20f175eb3ee990659c817ab av_one_full  avia-builder-el-2  el_after_av_heading  avia-builder-el-last  first flex_column_div av-zero-column-padding  '     ><section  class='av_textblock_section av-z3fct2-f4125988e71a338c92addb300d7b0fd1 '   itemscope=\"itemscope\" itemtype=\"https:\/\/schema.org\/CreativeWork\" ><div class='avia_textblock'  itemprop=\"text\" ><blockquote>\n<h4><span style=\"color: #808080;\">Disfrut\u00e1 al m\u00e1ximo de tus vacaciones. En Belt Way Travel podemos encargarnos de la log\u00edstica y los transfers para que \u00fanicamente te concentres en disfrutar de tu viaje.<\/span><\/h4>\n<h4><span style=\"color: #808080;\">Traslados desde el aeropuerto a hoteles, caba\u00f1as, excursiones&#8230; nosotros coordinamos todos los viajes y transportes para que no te preocupes por horarios ni distancias. Consultanos!<\/span><\/h4>\n<\/blockquote>\n<\/div><\/section><\/div>\n\n<\/div><\/div><\/main><!-- close content main element --><\/div><\/div><div id='av-layout-grid-1'  class='av-layout-grid-container av-yn0fnq-e53e854acf0d5b35c6b462e7b5211615 entry-content-wrapper alternate_color av-flex-cells  avia-builder-el-4  el_after_av_section  el_before_av_layout_row  grid-row-not-first  container_wrap fullsize'  >\n\n<style type=\"text\/css\" data-created_by=\"avia_inline_auto\" id=\"style-css-av-373rhy-9eb4d34b607b99aef22d81527edb6469\">\n.flex_cell.av-373rhy-9eb4d34b607b99aef22d81527edb6469{\nvertical-align:middle;\nbackground:url(https:\/\/beltway.tur.ar\/travel\/wp-content\/uploads\/2017\/06\/WhatsApp-Image-2022-05-19-at-12.17.17-PM-495x400.jpeg) 50% 50% no-repeat scroll ;\n}\n.responsive #top #wrap_all .flex_cell.av-373rhy-9eb4d34b607b99aef22d81527edb6469{\npadding:180px 60px 180px 60px !important;\n}\n<\/style>\n<div class='flex_cell av-373rhy-9eb4d34b607b99aef22d81527edb6469 av-gridrow-cell av_one_third no_margin  avia-builder-el-5  el_before_av_cell_one_third  avia-builder-el-first  content-align-middle'  ><div class='flex_cell_inner'><\/div><\/div>\n<style type=\"text\/css\" data-created_by=\"avia_inline_auto\" id=\"style-css-av-tzjuc6-c242c9796b47e3c7e972b276680aa5af\">\n.flex_cell.av-tzjuc6-c242c9796b47e3c7e972b276680aa5af{\nvertical-align:middle;\nbackground-color:#333333;\n}\n.responsive #top #wrap_all .flex_cell.av-tzjuc6-c242c9796b47e3c7e972b276680aa5af{\npadding:60px 60px 60px 60px !important;\n}\n<\/style>\n<div class='flex_cell av-tzjuc6-c242c9796b47e3c7e972b276680aa5af av-gridrow-cell av_one_third no_margin  avia-builder-el-6  el_after_av_cell_one_third  el_before_av_cell_one_third  content-align-middle'  ><div class='flex_cell_inner'>\n<style type=\"text\/css\" data-created_by=\"avia_inline_auto\" id=\"style-css-av-2w5dyu-4e0cd93265466874f51a85bb74cfad7d\">\n#top .av-special-heading.av-2w5dyu-4e0cd93265466874f51a85bb74cfad7d{\npadding-bottom:10px;\nfont-size:30px;\n}\nbody .av-special-heading.av-2w5dyu-4e0cd93265466874f51a85bb74cfad7d .av-special-heading-tag .heading-char{\nfont-size:25px;\n}\n#top #wrap_all .av-special-heading.av-2w5dyu-4e0cd93265466874f51a85bb74cfad7d .av-special-heading-tag{\nfont-size:30px;\n}\n.av-special-heading.av-2w5dyu-4e0cd93265466874f51a85bb74cfad7d .av-subheading{\nfont-size:15px;\n}\n\n@media only screen and (min-width: 480px) and (max-width: 767px){ \n#top #wrap_all .av-special-heading.av-2w5dyu-4e0cd93265466874f51a85bb74cfad7d .av-special-heading-tag{\nfont-size:0.8em;\n}\n}\n\n@media only screen and (max-width: 479px){ \n#top #wrap_all .av-special-heading.av-2w5dyu-4e0cd93265466874f51a85bb74cfad7d .av-special-heading-tag{\nfont-size:0.8em;\n}\n}\n<\/style>\n<div  class='av-special-heading av-2w5dyu-4e0cd93265466874f51a85bb74cfad7d av-special-heading-h3 blockquote modern-quote  avia-builder-el-7  avia-builder-el-no-sibling  av-inherit-size'><h3 class='av-special-heading-tag '  itemprop=\"headline\"  >Aeropuerto a Hotel<\/h3><div class='av-subheading av-subheading_below'><p>Beltway Travel te ofrece servicios de traslados del Aeropuerto a cualquier hotel de Bariloche y retorno todos los d\u00edas del a\u00f1o.<\/p>\n<\/div><div class=\"special-heading-border\"><div class=\"special-heading-inner-border\"><\/div><\/div><\/div>\n<\/div><\/div>\n<style type=\"text\/css\" data-created_by=\"avia_inline_auto\" id=\"style-css-av-rex0bq-834aca9c00d66afbc3475baac83576ea\">\n.flex_cell.av-rex0bq-834aca9c00d66afbc3475baac83576ea{\nvertical-align:middle;\nbackground-color:#565656;\n}\n.responsive #top #wrap_all .flex_cell.av-rex0bq-834aca9c00d66afbc3475baac83576ea{\npadding:60px 60px 60px 60px !important;\n}\n<\/style>\n<div class='flex_cell av-rex0bq-834aca9c00d66afbc3475baac83576ea av-gridrow-cell av_one_third no_margin  avia-builder-el-8  el_after_av_cell_one_third  avia-builder-el-last  content-align-middle'  ><div class='flex_cell_inner'><section  class='av_textblock_section av-q52ugm-14bdd39dacd060050ceaecf6650a254b '   itemscope=\"itemscope\" itemtype=\"https:\/\/schema.org\/CreativeWork\" ><div class='avia_textblock'  itemprop=\"text\" ><p><strong>TIPO DE VIHICULO PARA EL TRASLADO:<\/strong><\/p>\n<ul>\n<li>Auto\u00a0 2 a 4 Pasajeros<\/li>\n<li>Minivan de 6, 15 y 19 Pasajeros<\/li>\n<li>Minibuses 24 Pasajeros<\/li>\n<li>\u00d3mnibuses 45 Pasajeros<\/li>\n<\/ul>\n<div  class='avia-button-wrap av-niehue-fff06e01e93566713bfe512e3ed7ff00-wrap avia-button-left  avia-builder-el-10  avia-builder-el-no-sibling '><a href='http:\/\/beltway.tur.ar\/travel\/contacto\/'  class='avia-button av-niehue-fff06e01e93566713bfe512e3ed7ff00 av-link-btn avia-icon_select-yes-left-icon avia-size-medium avia-position-left avia-color-blue'  target=\"_blank\"  rel=\"noopener noreferrer\"  aria-label=\"COTIZAR SERVICIO\"><span class='avia_button_icon avia_button_icon_left avia-iconfont avia-font-entypo-fontello' data-av_icon='\ue85d' data-av_iconfont='entypo-fontello' ><\/span><span class='avia_iconbox_title' >COTIZAR SERVICIO<\/span><\/a><\/div>\n<\/div><\/section>\n<\/div><\/div>\n<\/div>\n<div id='av-layout-grid-2'  class='av-layout-grid-container av-lo68ie-f376b54d9452f969c6f8f1dc856816ef entry-content-wrapper header_color av-border-top-bottom av-border-cells av-flex-cells  avia-builder-el-11  el_after_av_layout_row  avia-builder-el-last  grid-row-not-first  container_wrap fullsize'  >\n\n<style type=\"text\/css\" data-created_by=\"avia_inline_auto\" id=\"style-css-av-k0y8yu-10a2dcc9e47a3b30f9d6845c7847c6c8\">\n.flex_cell.av-k0y8yu-10a2dcc9e47a3b30f9d6845c7847c6c8{\nvertical-align:middle;\nbackground:url(https:\/\/beltway.tur.ar\/travel\/wp-content\/uploads\/2017\/06\/WhatsApp-Image-2018-09-06-at-10.19.59-495x400.jpeg) 0% 100% no-repeat scroll ;\n}\n.responsive #top #wrap_all .flex_cell.av-k0y8yu-10a2dcc9e47a3b30f9d6845c7847c6c8{\npadding:180px 60px 180px 60px !important;\n}\n<\/style>\n<div class='flex_cell av-k0y8yu-10a2dcc9e47a3b30f9d6845c7847c6c8 av-gridrow-cell av_one_third no_margin  avia-builder-el-12  el_before_av_cell_one_third  avia-builder-el-first  content-align-middle'  ><div class='flex_cell_inner'><\/div><\/div>\n<style type=\"text\/css\" data-created_by=\"avia_inline_auto\" id=\"style-css-av-1wwiye-bf99b8c361b86bd51f16464c61820318\">\n.flex_cell.av-1wwiye-bf99b8c361b86bd51f16464c61820318{\nvertical-align:middle;\nbackground-color:#ffffff;\n}\n.responsive #top #wrap_all .flex_cell.av-1wwiye-bf99b8c361b86bd51f16464c61820318{\npadding:60px 60px 60px 60px !important;\n}\n<\/style>\n<div class='flex_cell av-1wwiye-bf99b8c361b86bd51f16464c61820318 av-gridrow-cell av_one_third no_margin  avia-builder-el-13  el_after_av_cell_one_third  el_before_av_cell_one_third  content-align-middle'  ><div class='flex_cell_inner'>\n<style type=\"text\/css\" data-created_by=\"avia_inline_auto\" id=\"style-css-av-gyorqe-4299889b3b75353f05436e075cd42987\">\n#top .av-special-heading.av-gyorqe-4299889b3b75353f05436e075cd42987{\npadding-bottom:10px;\ncolor:#000000;\nfont-size:30px;\n}\nbody .av-special-heading.av-gyorqe-4299889b3b75353f05436e075cd42987 .av-special-heading-tag .heading-char{\nfont-size:25px;\n}\n#top #wrap_all .av-special-heading.av-gyorqe-4299889b3b75353f05436e075cd42987 .av-special-heading-tag{\nfont-size:30px;\n}\n.av-special-heading.av-gyorqe-4299889b3b75353f05436e075cd42987 .special-heading-inner-border{\nborder-color:#000000;\n}\n.av-special-heading.av-gyorqe-4299889b3b75353f05436e075cd42987 .av-subheading{\nfont-size:15px;\n}\n\n@media only screen and (min-width: 480px) and (max-width: 767px){ \n#top #wrap_all .av-special-heading.av-gyorqe-4299889b3b75353f05436e075cd42987 .av-special-heading-tag{\nfont-size:0.8em;\n}\n}\n\n@media only screen and (max-width: 479px){ \n#top #wrap_all .av-special-heading.av-gyorqe-4299889b3b75353f05436e075cd42987 .av-special-heading-tag{\nfont-size:0.8em;\n}\n}\n<\/style>\n<div  class='av-special-heading av-gyorqe-4299889b3b75353f05436e075cd42987 av-special-heading-h3 custom-color-heading blockquote modern-quote  avia-builder-el-14  avia-builder-el-no-sibling  av-inherit-size'><h3 class='av-special-heading-tag '  itemprop=\"headline\"  >Traslado a Villa la Angostura, San Mart\u00edn de los Andes y Esquel<\/h3><div class='av_custom_color av-subheading av-subheading_below'><p>Te ofrecemos una forma comoda de viajar desde el aeropuerto a las ciudades de Villa La Angostura, San Martin de los Andes y Esquel hasta tu hotel.<\/p>\n<\/div><div class=\"special-heading-border\"><div class=\"special-heading-inner-border\"><\/div><\/div><\/div>\n<\/div><\/div>\n<style type=\"text\/css\" data-created_by=\"avia_inline_auto\" id=\"style-css-av-g0nmsm-d9142d78bd5172f82d44842929bf3031\">\n.flex_cell.av-g0nmsm-d9142d78bd5172f82d44842929bf3031{\nvertical-align:middle;\nbackground-color:#f7f7f7;\n}\n.responsive #top #wrap_all .flex_cell.av-g0nmsm-d9142d78bd5172f82d44842929bf3031{\npadding:60px 60px 60px 60px !important;\n}\n<\/style>\n<div class='flex_cell av-g0nmsm-d9142d78bd5172f82d44842929bf3031 av-gridrow-cell av_one_third no_margin  avia-builder-el-15  el_after_av_cell_one_third  avia-builder-el-last  content-align-middle'  ><div class='flex_cell_inner'>\n<style type=\"text\/css\" data-created_by=\"avia_inline_auto\" id=\"style-css-av-eb2rp2-e35131b089da153d7f34d290c393f05e\">\n#top .av_textblock_section.av-eb2rp2-e35131b089da153d7f34d290c393f05e .avia_textblock{\ncolor:#0a0a0a;\n}\n<\/style>\n<section  class='av_textblock_section av-eb2rp2-e35131b089da153d7f34d290c393f05e '   itemscope=\"itemscope\" itemtype=\"https:\/\/schema.org\/CreativeWork\" ><div class='avia_textblock av_inherit_color'  itemprop=\"text\" ><p><strong>TIPO DE VEHICULO PARA EL TRASLADO:<\/strong><\/p>\n<ul>\n<li>Auto\u00a0 2 a 4 Pasajeros<\/li>\n<li>Minivan de 6, 15 y 19 Pasajeros<\/li>\n<li>Minibuses 24 Pasajeros<\/li>\n<li>\u00d3mnibuses 45 Pasajeros<\/li>\n<\/ul>\n<div  class='avia-button-wrap av-c436va-fb5ad14e8e1f756f5c8cfbce9b1b0925-wrap avia-button-left  avia-builder-el-17  avia-builder-el-no-sibling '><a href='http:\/\/beltway.tur.ar\/travel\/contacto\/'  class='avia-button av-c436va-fb5ad14e8e1f756f5c8cfbce9b1b0925 av-link-btn avia-icon_select-yes-left-icon avia-size-medium avia-position-left avia-color-blue'  target=\"_blank\"  rel=\"noopener noreferrer\"  aria-label=\"COTIZAR SERVICIO\"><span class='avia_button_icon avia_button_icon_left avia-iconfont avia-font-entypo-fontello' data-av_icon='\ue85d' data-av_iconfont='entypo-fontello' ><\/span><span class='avia_iconbox_title' >COTIZAR SERVICIO<\/span><\/a><\/div>\n<\/div><\/section>\n<\/div><\/div><\/div>\n","protected":false},"excerpt":{"rendered":"","protected":false},"author":4,"featured_media":0,"parent":0,"menu_order":5,"comment_status":"closed","ping_status":"closed","template":"","meta":{"footnotes":""},"class_list":["post-1446","page","type-page","status-publish","hentry"],"_links":{"self":[{"href":"https:\/\/beltway.tur.ar\/travel\/wp-json\/wp\/v2\/pages\/1446","targetHints":{"allow":["GET"]}}],"collection":[{"href":"https:\/\/beltway.tur.ar\/travel\/wp-json\/wp\/v2\/pages"}],"about":[{"href":"https:\/\/beltway.tur.ar\/travel\/wp-json\/wp\/v2\/types\/page"}],"author":[{"embeddable":true,"href":"https:\/\/beltway.tur.ar\/travel\/wp-json\/wp\/v2\/users\/4"}],"replies":[{"embeddable":true,"href":"https:\/\/beltway.tur.ar\/travel\/wp-json\/wp\/v2\/comments?post=1446"}],"version-history":[{"count":36,"href":"https:\/\/beltway.tur.ar\/travel\/wp-json\/wp\/v2\/pages\/1446\/revisions"}],"predecessor-version":[{"id":26130,"href":"https:\/\/beltway.tur.ar\/travel\/wp-json\/wp\/v2\/pages\/1446\/revisions\/26130"}],"wp:attachment":[{"href":"https:\/\/beltway.tur.ar\/travel\/wp-json\/wp\/v2\/media?parent=1446"}],"curies":[{"name":"wp","href":"https:\/\/api.w.org\/{rel}","templated":true}]}}