{"id":509,"date":"2016-05-11T13:48:28","date_gmt":"2016-05-11T13:48:28","guid":{"rendered":"http:\/\/wpoffice\/enfold-fitness\/?page_id=509"},"modified":"2025-04-23T20:03:49","modified_gmt":"2025-04-23T20:03:49","slug":"alquiler-vehiculos","status":"publish","type":"page","link":"https:\/\/beltway.tur.ar\/travel\/alquiler-vehiculos\/","title":{"rendered":"Rent a Car"},"content":{"rendered":"<div id='av_section_1'  class='avia-section av-1te7xp-17fc98627297ca2660d56c31c3de024a main_color avia-section-large avia-no-border-styling  avia-builder-el-0  el_before_av_heading  avia-builder-el-first  avia-bg-style-scroll container_wrap fullsize'  ><div class='container av-section-cont-open' ><main  role=\"main\" itemprop=\"mainContentOfPage\"  class='template-page content  av-content-full alpha units'><div class='post-entry post-entry-type-page post-entry-509'><div class='entry-content-wrapper clearfix'>\n\n<style type=\"text\/css\" data-created_by=\"avia_inline_auto\" id=\"style-css-av-1kxab9-dd1c24941c262ce1cbbe053bb85042b9\">\n#top .av-special-heading.av-1kxab9-dd1c24941c262ce1cbbe053bb85042b9{\npadding-bottom:30px;\nfont-size:50px;\n}\nbody .av-special-heading.av-1kxab9-dd1c24941c262ce1cbbe053bb85042b9 .av-special-heading-tag .heading-char{\nfont-size:25px;\n}\n#top #wrap_all .av-special-heading.av-1kxab9-dd1c24941c262ce1cbbe053bb85042b9 .av-special-heading-tag{\nfont-size:50px;\n}\n.av-special-heading.av-1kxab9-dd1c24941c262ce1cbbe053bb85042b9 .av-subheading{\nfont-size:15px;\n}\n\n@media only screen and (min-width: 480px) and (max-width: 767px){ \n#top #wrap_all .av-special-heading.av-1kxab9-dd1c24941c262ce1cbbe053bb85042b9 .av-special-heading-tag{\nfont-size:0.8em;\n}\n}\n\n@media only screen and (max-width: 479px){ \n#top #wrap_all .av-special-heading.av-1kxab9-dd1c24941c262ce1cbbe053bb85042b9 .av-special-heading-tag{\nfont-size:0.8em;\n}\n}\n<\/style>\n<div  class='av-special-heading av-1kxab9-dd1c24941c262ce1cbbe053bb85042b9 av-special-heading-h1 blockquote modern-quote  avia-builder-el-1  el_before_av_one_half  avia-builder-el-first  av-thin-font av-inherit-size'><h1 class='av-special-heading-tag '  itemprop=\"headline\"  >Rent a Car<strong>.<\/strong><\/h1><div class=\"special-heading-border\"><div class=\"special-heading-inner-border\"><\/div><\/div><\/div>\n\n<style type=\"text\/css\" data-created_by=\"avia_inline_auto\" id=\"style-css-av-1e3t4d-4b1c3a414c2865552c8709e0aa0eb018\">\n.flex_column.av-1e3t4d-4b1c3a414c2865552c8709e0aa0eb018{\nborder-radius:0px 0px 0px 0px;\npadding:0px 0px 0px 0px;\n}\n<\/style>\n<div  class='flex_column av-1e3t4d-4b1c3a414c2865552c8709e0aa0eb018 av_one_half  avia-builder-el-2  el_after_av_heading  el_before_av_one_half  first flex_column_div av-zero-column-padding  '     ><section  class='av_textblock_section av-1b3z6d-99dd6c8d56b14989c24b321c3f04d2b8 '   itemscope=\"itemscope\" itemtype=\"https:\/\/schema.org\/CreativeWork\" ><div class='avia_textblock'  itemprop=\"text\" ><p>La Patagonia es amplia y hay muchos destinos para explorar. Es por eso que contamos con una amplia flota de veh\u00edculos que se ajustan a todo tipo de viajeros: Parejas, Familias, Grupos de Amigos, Aventureros&#8230;<\/p>\n<p>Nada mejor que contar con la comodidad y la libertad para descubrir y recorrer los paisajes patag\u00f3nicos.<\/p>\n<\/div><\/section><\/div>\n<style type=\"text\/css\" data-created_by=\"avia_inline_auto\" id=\"style-css-av-11iusl-14cba3f9450ccd299c8af6ad7d3db695\">\n.flex_column.av-11iusl-14cba3f9450ccd299c8af6ad7d3db695{\nborder-radius:0px 0px 0px 0px;\npadding:0px 0px 0px 0px;\n}\n<\/style>\n<div  class='flex_column av-11iusl-14cba3f9450ccd299c8af6ad7d3db695 av_one_half  avia-builder-el-4  el_after_av_one_half  el_before_av_heading  flex_column_div av-zero-column-padding  '     ><section  class='av_textblock_section av-yidp9-2e8e6bfcb02b1b6d65754dc73f3272d3 '   itemscope=\"itemscope\" itemtype=\"https:\/\/schema.org\/CreativeWork\" ><div class='avia_textblock'  itemprop=\"text\" ><p>Un veh\u00edculo para cada perfil y un equipamiento para cada presupuesto. Nuestras unidades se encuentran siempre en \u00f3ptimas condiciones. En \u00e9poca invernal los veh\u00edculos se entregan con cubiertas de invierno, para que el manejo en climas adversos no sea una preocupaci\u00f3n.<\/p>\n<p>Reserve su veh\u00edculo ahora, o cons\u00faltenos y le ofreceremos la mejor opci\u00f3n en base al viaje que planea realizar.<\/p>\n<\/div><\/section><\/div>\n<style type=\"text\/css\" data-created_by=\"avia_inline_auto\" id=\"style-css-av-r2iyd-0a65fe15bb0f64102c38e6796664c1cd\">\n#top .av-special-heading.av-r2iyd-0a65fe15bb0f64102c38e6796664c1cd{\npadding-bottom:20px;\nfont-size:32px;\n}\nbody .av-special-heading.av-r2iyd-0a65fe15bb0f64102c38e6796664c1cd .av-special-heading-tag .heading-char{\nfont-size:25px;\n}\n#top #wrap_all .av-special-heading.av-r2iyd-0a65fe15bb0f64102c38e6796664c1cd .av-special-heading-tag{\nfont-size:32px;\n}\n.av-special-heading.av-r2iyd-0a65fe15bb0f64102c38e6796664c1cd .av-subheading{\nfont-size:15px;\n}\n\n@media only screen and (min-width: 480px) and (max-width: 767px){ \n#top #wrap_all .av-special-heading.av-r2iyd-0a65fe15bb0f64102c38e6796664c1cd .av-special-heading-tag{\nfont-size:0.8em;\n}\n}\n\n@media only screen and (max-width: 479px){ \n#top #wrap_all .av-special-heading.av-r2iyd-0a65fe15bb0f64102c38e6796664c1cd .av-special-heading-tag{\nfont-size:0.8em;\n}\n}\n<\/style>\n<div  class='av-special-heading av-r2iyd-0a65fe15bb0f64102c38e6796664c1cd av-special-heading-h4 blockquote modern-quote  avia-builder-el-6  el_after_av_one_half  avia-builder-el-last  av-thin-font av-inherit-size'><h4 class='av-special-heading-tag '  itemprop=\"headline\"  >cotizacion online<strong>.<\/strong><\/h4><div class=\"special-heading-border\"><div class=\"special-heading-inner-border\"><\/div><\/div><\/div>\n<p><script src=\"https:\/\/invernalia-rent-a-car.invernalia.com.ar\/public\/car-rental\/integrations\/assets\/integrator\"><\/script><\/p>\n<div class=\"hq-rental-software-integration\"     data-integrator_link=\"https:\/\/invernalia-rent-a-car.invernalia.com.ar\/public\/car-rental\/integrations\"             data-brand=\"3krou8iq-jkmx-f9bj-b3z4-tl13tq7rfhkg\"          data-snippet=\"reservations\"     data-skip_language=\"\"                         data-rate_type_uuid=\"\"          data-referral=\"\" data-forced_locale=\"es\"><\/div>\n<\/div><\/div><\/main><!-- close content main element --><\/div><\/div><div id='after_section_1'  class='main_color av_default_container_wrap container_wrap fullsize'  ><div class='container av-section-cont-open' ><div class='template-page content  av-content-full alpha units'><div class='post-entry post-entry-type-page post-entry-509'><div class='entry-content-wrapper clearfix'>\n<style type=\"text\/css\" data-created_by=\"avia_inline_auto\" id=\"style-css-av-2376l-667c6095bf6f865dbfab8cbbefcda7fe\">\n#top .av-special-heading.av-2376l-667c6095bf6f865dbfab8cbbefcda7fe{\npadding-bottom:20px;\nfont-size:32px;\n}\nbody .av-special-heading.av-2376l-667c6095bf6f865dbfab8cbbefcda7fe .av-special-heading-tag .heading-char{\nfont-size:25px;\n}\n#top #wrap_all .av-special-heading.av-2376l-667c6095bf6f865dbfab8cbbefcda7fe .av-special-heading-tag{\nfont-size:32px;\n}\n.av-special-heading.av-2376l-667c6095bf6f865dbfab8cbbefcda7fe .av-subheading{\nfont-size:15px;\n}\n\n@media only screen and (min-width: 480px) and (max-width: 767px){ \n#top #wrap_all .av-special-heading.av-2376l-667c6095bf6f865dbfab8cbbefcda7fe .av-special-heading-tag{\nfont-size:0.8em;\n}\n}\n\n@media only screen and (max-width: 479px){ \n#top #wrap_all .av-special-heading.av-2376l-667c6095bf6f865dbfab8cbbefcda7fe .av-special-heading-tag{\nfont-size:0.8em;\n}\n}\n<\/style>\n<div  class='av-special-heading av-2376l-667c6095bf6f865dbfab8cbbefcda7fe av-special-heading-h4 blockquote modern-quote  avia-builder-el-7  el_after_av_section  el_before_av_image  avia-builder-el-first  av-thin-font av-inherit-size'><h4 class='av-special-heading-tag '  itemprop=\"headline\"  >Referencias<strong>.<\/strong><\/h4><div class=\"special-heading-border\"><div class=\"special-heading-inner-border\"><\/div><\/div><\/div><\/p>\n\n<style type=\"text\/css\" data-created_by=\"avia_inline_auto\" id=\"style-css-av-h6yst-027416e8986d644ea39784cc8c693081\">\n.avia-image-container.av-h6yst-027416e8986d644ea39784cc8c693081 img.avia_image{\nbox-shadow:none;\n}\n.avia-image-container.av-h6yst-027416e8986d644ea39784cc8c693081 .av-image-caption-overlay-center{\ncolor:#ffffff;\n}\n<\/style>\n<div  class='avia-image-container av-h6yst-027416e8986d644ea39784cc8c693081 av-styling- avia-align-center  avia-builder-el-8  el_after_av_heading  el_before_av_image '   itemprop=\"image\" itemscope=\"itemscope\" itemtype=\"https:\/\/schema.org\/ImageObject\" ><div class=\"avia-image-container-inner\"><div class=\"avia-image-overlay-wrap\"><img fetchpriority=\"high\" class='wp-image-1441 avia-img-lazy-loading-not-1441 avia_image ' src='https:\/\/beltway.tur.ar\/travel\/wp-content\/uploads\/2016\/05\/rent-a-car-en-bariloche.jpg' alt='' title='rent a car en bariloche'  height=\"138\" width=\"1193\"  itemprop=\"thumbnailUrl\"  \/><\/div><\/div><\/div>\n\n<style type=\"text\/css\" data-created_by=\"avia_inline_auto\" id=\"style-css-av-7iith-a97172050bbd42c1bbc13c9b6af7a101\">\n.avia-image-container.av-7iith-a97172050bbd42c1bbc13c9b6af7a101 img.avia_image{\nbox-shadow:none;\n}\n.avia-image-container.av-7iith-a97172050bbd42c1bbc13c9b6af7a101 .av-image-caption-overlay-center{\ncolor:#ffffff;\n}\n<\/style>\n<div  class='avia-image-container av-7iith-a97172050bbd42c1bbc13c9b6af7a101 av-styling- avia-align-center  avia-builder-el-9  el_after_av_image  avia-builder-el-last '   itemprop=\"image\" itemscope=\"itemscope\" itemtype=\"https:\/\/schema.org\/ImageObject\" ><div class=\"avia-image-container-inner\"><div class=\"avia-image-overlay-wrap\"><img fetchpriority=\"high\" class='wp-image-1622 avia-img-lazy-loading-not-1622 avia_image ' src='https:\/\/beltway.tur.ar\/travel\/wp-content\/uploads\/2016\/05\/chile-1.png' alt='' title='chile'  height=\"197\" width=\"874\"  itemprop=\"thumbnailUrl\"  \/><\/div><\/div><\/div>\n","protected":false},"excerpt":{"rendered":"","protected":false},"author":4,"featured_media":0,"parent":0,"menu_order":7,"comment_status":"closed","ping_status":"closed","template":"","meta":{"footnotes":""},"class_list":["post-509","page","type-page","status-publish","hentry"],"_links":{"self":[{"href":"https:\/\/beltway.tur.ar\/travel\/wp-json\/wp\/v2\/pages\/509","targetHints":{"allow":["GET"]}}],"collection":[{"href":"https:\/\/beltway.tur.ar\/travel\/wp-json\/wp\/v2\/pages"}],"about":[{"href":"https:\/\/beltway.tur.ar\/travel\/wp-json\/wp\/v2\/types\/page"}],"author":[{"embeddable":true,"href":"https:\/\/beltway.tur.ar\/travel\/wp-json\/wp\/v2\/users\/4"}],"replies":[{"embeddable":true,"href":"https:\/\/beltway.tur.ar\/travel\/wp-json\/wp\/v2\/comments?post=509"}],"version-history":[{"count":48,"href":"https:\/\/beltway.tur.ar\/travel\/wp-json\/wp\/v2\/pages\/509\/revisions"}],"predecessor-version":[{"id":26332,"href":"https:\/\/beltway.tur.ar\/travel\/wp-json\/wp\/v2\/pages\/509\/revisions\/26332"}],"wp:attachment":[{"href":"https:\/\/beltway.tur.ar\/travel\/wp-json\/wp\/v2\/media?parent=509"}],"curies":[{"name":"wp","href":"https:\/\/api.w.org\/{rel}","templated":true}]}}